{"id":77,"date":"2018-04-28T13:09:33","date_gmt":"2018-04-28T12:09:33","guid":{"rendered":"http:\/\/poutre.tv\/wordpress\/?page_id=77"},"modified":"2018-12-04T13:12:31","modified_gmt":"2018-12-04T12:12:31","slug":"77-2","status":"publish","type":"page","link":"http:\/\/poutre.tv\/wordpress\/?page_id=77","title":{"rendered":"Cookies"},"content":{"rendered":"<figure id=\"attachment_78\" aria-describedby=\"caption-attachment-78\" style=\"width: 207px\" class=\"wp-caption alignright\"><a href=\"http:\/\/poutre.tv\/wordpress\/wp-content\/uploads\/2018\/04\/HAL9000_Case.svg_.png\"><img loading=\"lazy\" decoding=\"async\" class=\"wp-image-78 size-full\" src=\"http:\/\/poutre.tv\/wordpress\/wp-content\/uploads\/2018\/04\/HAL9000_Case.svg_.png\" alt=\"\" width=\"207\" height=\"598\" srcset=\"http:\/\/poutre.tv\/wordpress\/wp-content\/uploads\/2018\/04\/HAL9000_Case.svg_.png 207w, http:\/\/poutre.tv\/wordpress\/wp-content\/uploads\/2018\/04\/HAL9000_Case.svg_-104x300.png 104w\" sizes=\"auto, (max-width: 207px) 100vw, 207px\" \/><\/a><figcaption id=\"caption-attachment-78\" class=\"wp-caption-text\">By Grafiker61 [CC BY-SA 4.0 (https:\/\/creativecommons.org\/licenses\/by-sa\/4.0)], from Wikimedia Commons<\/figcaption><\/figure>\n<p style=\"text-align: left;\">Oui.<\/p>\n<p style=\"text-align: left;\">L&rsquo;ordinateur est ton ami.<\/p>\n<p style=\"text-align: left;\">L&rsquo;ordinateur veut ton bonheur.<\/p>\n<p style=\"text-align: left;\">Pour mieux surveiller ton comportement sur Internet, ce site utilise de petits fichiers texte, d\u00e9pos\u00e9s discr\u00e8tement dans ton navigateur. Cela permet d&rsquo;am\u00e9liorer la tra\u00e7abilit\u00e9 des internautes.<\/p>\n","protected":false},"excerpt":{"rendered":"<p>Oui. L&rsquo;ordinateur est ton ami. L&rsquo;ordinateur veut ton bonheur. Pour mieux surveiller ton comportement sur Internet, ce site utilise de petits fichiers texte, d\u00e9pos\u00e9s discr\u00e8tement dans ton navigateur. Cela permet d&rsquo;am\u00e9liorer la tra\u00e7abilit\u00e9 des internautes.<\/p>\n","protected":false},"author":1,"featured_media":0,"parent":0,"menu_order":0,"comment_status":"closed","ping_status":"closed","template":"","meta":{"sfsi_plus_gutenberg_text_before_share":"","sfsi_plus_gutenberg_show_text_before_share":"","sfsi_plus_gutenberg_icon_type":"","sfsi_plus_gutenberg_icon_alignemt":"","sfsi_plus_gutenburg_max_per_row":"","jetpack_post_was_ever_published":false,"footnotes":""},"class_list":["post-77","page","type-page","status-publish","hentry"],"jetpack_sharing_enabled":true,"jetpack_shortlink":"https:\/\/wp.me\/P59dja-1f","_links":{"self":[{"href":"http:\/\/poutre.tv\/wordpress\/index.php?rest_route=\/wp\/v2\/pages\/77","targetHints":{"allow":["GET"]}}],"collection":[{"href":"http:\/\/poutre.tv\/wordpress\/index.php?rest_route=\/wp\/v2\/pages"}],"about":[{"href":"http:\/\/poutre.tv\/wordpress\/index.php?rest_route=\/wp\/v2\/types\/page"}],"author":[{"embeddable":true,"href":"http:\/\/poutre.tv\/wordpress\/index.php?rest_route=\/wp\/v2\/users\/1"}],"replies":[{"embeddable":true,"href":"http:\/\/poutre.tv\/wordpress\/index.php?rest_route=%2Fwp%2Fv2%2Fcomments&post=77"}],"version-history":[{"count":6,"href":"http:\/\/poutre.tv\/wordpress\/index.php?rest_route=\/wp\/v2\/pages\/77\/revisions"}],"predecessor-version":[{"id":85,"href":"http:\/\/poutre.tv\/wordpress\/index.php?rest_route=\/wp\/v2\/pages\/77\/revisions\/85"}],"wp:attachment":[{"href":"http:\/\/poutre.tv\/wordpress\/index.php?rest_route=%2Fwp%2Fv2%2Fmedia&parent=77"}],"curies":[{"name":"wp","href":"https:\/\/api.w.org\/{rel}","templated":true}]}}